{"id":144,"date":"2021-03-22T15:39:01","date_gmt":"2021-03-22T14:39:01","guid":{"rendered":"https:\/\/www.ardecheinfoservice.fr\/?page_id=144"},"modified":"2021-04-14T09:46:24","modified_gmt":"2021-04-14T07:46:24","slug":"particuliers","status":"publish","type":"page","link":"https:\/\/www.ardecheinfoservice.fr\/index.php\/particuliers\/","title":{"rendered":"Particuliers"},"content":{"rendered":"\n<div class=\"wp-block-image is-style-rounded\"><figure class=\"alignleft size-large is-resized\"><img loading=\"lazy\" src=\"https:\/\/www.ardecheinfoservice.fr\/wp-content\/uploads\/2021\/03\/pexels-fox-1595387-1024x683.jpg\" alt=\"\" class=\"wp-image-146\" width=\"247\" height=\"165\" srcset=\"https:\/\/www.ardecheinfoservice.fr\/wp-content\/uploads\/2021\/03\/pexels-fox-1595387-1024x683.jpg 1024w, https:\/\/www.ardecheinfoservice.fr\/wp-content\/uploads\/2021\/03\/pexels-fox-1595387-300x200.jpg 300w, https:\/\/www.ardecheinfoservice.fr\/wp-content\/uploads\/2021\/03\/pexels-fox-1595387-768x512.jpg 768w, https:\/\/www.ardecheinfoservice.fr\/wp-content\/uploads\/2021\/03\/pexels-fox-1595387-1536x1024.jpg 1536w, https:\/\/www.ardecheinfoservice.fr\/wp-content\/uploads\/2021\/03\/pexels-fox-1595387-2048x1365.jpg 2048w\" sizes=\"(max-width: 247px) 100vw, 247px\" \/><\/figure><\/div>\n\n\n\n<p>Vous \u00eates un particulier, vous avez du mal \u00e0 installer, configurer ou utiliser un nouveau mat\u00e9riel informatique.<\/p>\n\n\n\n<p>Vous voulez construire une config PC bien pr\u00e9cise et avez besoin d&rsquo;aide pour vous y retrouver dans les diff\u00e9rentes possibilit\u00e9s.<\/p>\n\n\n\n<p>Vous cherchez une formation personnalis\u00e9e sur un sujet donn\u00e9.<\/p>\n\n\n\n<p>Je peux vous aider \u00e0 r\u00e9aliser votre projet en toute s\u00e9r\u00e9nit\u00e9, <a href=\"https:\/\/www.ardecheinfoservice.fr\/index.php\/contact\/\" data-type=\"page\" data-id=\"20\">n&rsquo;h\u00e9sitez pas \u00e0 me contacter<\/a> pour un devis.<\/p>\n","protected":false},"excerpt":{"rendered":"<p class=\"qua-blog-post-description\">Vous \u00eates un particulier, vous avez du mal \u00e0 installer, configurer ou utiliser un nouveau mat\u00e9riel informatique. Vous voulez construire une config PC bien pr\u00e9cise et avez besoin d&rsquo;aide pour vous y retrouver dans les diff\u00e9rentes possibilit\u00e9s. Vous cherchez une formation personnalis\u00e9e sur un sujet donn\u00e9. Je peux vous aider \u00e0 r\u00e9aliser votre projet en [&hellip;]<\/p>\n","protected":false},"author":1,"featured_media":0,"parent":0,"menu_order":0,"comment_status":"closed","ping_status":"closed","template":"","meta":[],"_links":{"self":[{"href":"https:\/\/www.ardecheinfoservice.fr\/index.php\/wp-json\/wp\/v2\/pages\/144"}],"collection":[{"href":"https:\/\/www.ardecheinfoservice.fr\/index.php\/wp-json\/wp\/v2\/pages"}],"about":[{"href":"https:\/\/www.ardecheinfoservice.fr\/index.php\/wp-json\/wp\/v2\/types\/page"}],"author":[{"embeddable":true,"href":"https:\/\/www.ardecheinfoservice.fr\/index.php\/wp-json\/wp\/v2\/users\/1"}],"replies":[{"embeddable":true,"href":"https:\/\/www.ardecheinfoservice.fr\/index.php\/wp-json\/wp\/v2\/comments?post=144"}],"version-history":[{"count":4,"href":"https:\/\/www.ardecheinfoservice.fr\/index.php\/wp-json\/wp\/v2\/pages\/144\/revisions"}],"predecessor-version":[{"id":199,"href":"https:\/\/www.ardecheinfoservice.fr\/index.php\/wp-json\/wp\/v2\/pages\/144\/revisions\/199"}],"wp:attachment":[{"href":"https:\/\/www.ardecheinfoservice.fr\/index.php\/wp-json\/wp\/v2\/media?parent=144"}],"curies":[{"name":"wp","href":"https:\/\/api.w.org\/{rel}","templated":true}]}}