{"id":122,"date":"2021-03-22T11:51:18","date_gmt":"2021-03-22T10:51:18","guid":{"rendered":"https:\/\/www.ardecheinfoservice.fr\/?page_id=122"},"modified":"2021-04-14T09:35:48","modified_gmt":"2021-04-14T07:35:48","slug":"support-informatique","status":"publish","type":"page","link":"https:\/\/www.ardecheinfoservice.fr\/index.php\/support-informatique\/","title":{"rendered":"Support Informatique"},"content":{"rendered":"\n<div class=\"wp-block-image is-style-rounded\"><figure class=\"alignleft size-large is-resized\"><img loading=\"lazy\" src=\"https:\/\/www.ardecheinfoservice.fr\/wp-content\/uploads\/2021\/03\/pexels-anna-shvets-4226262-1024x683.jpg\" alt=\"\" class=\"wp-image-123\" width=\"306\" height=\"204\" srcset=\"https:\/\/www.ardecheinfoservice.fr\/wp-content\/uploads\/2021\/03\/pexels-anna-shvets-4226262-1024x683.jpg 1024w, https:\/\/www.ardecheinfoservice.fr\/wp-content\/uploads\/2021\/03\/pexels-anna-shvets-4226262-300x200.jpg 300w, https:\/\/www.ardecheinfoservice.fr\/wp-content\/uploads\/2021\/03\/pexels-anna-shvets-4226262-768x512.jpg 768w, https:\/\/www.ardecheinfoservice.fr\/wp-content\/uploads\/2021\/03\/pexels-anna-shvets-4226262-1536x1024.jpg 1536w, https:\/\/www.ardecheinfoservice.fr\/wp-content\/uploads\/2021\/03\/pexels-anna-shvets-4226262-2048x1365.jpg 2048w\" sizes=\"(max-width: 306px) 100vw, 306px\" \/><\/figure><\/div>\n\n\n\n<p>Vous avez un nouveau mat\u00e9riel \u00e0 configurer, un nouveau logiciel \u00e0 installer, un nouveau p\u00e9riph\u00e9rique \u00e0 mettre en place.<\/p>\n\n\n\n<p>Vous souhaitez avoir une assistance informatique rapide et de proximit\u00e9 pour vos \u00e9quipes ou pour vous-m\u00eames.<\/p>\n\n\n\n<p>Vous avez besoin d&rsquo;aide ponctuelle ou de support continu pour vous accompagner dans vos projets informatiques, <a href=\"https:\/\/www.ardecheinfoservice.fr\/index.php\/contact\/\" data-type=\"page\" data-id=\"20\">n&rsquo;h\u00e9sitez pas \u00e0 me contacter<\/a>, nous \u00e9tudierons ensemble comment je peux vous aider dans vos r\u00e9alisations.<\/p>\n","protected":false},"excerpt":{"rendered":"<p class=\"qua-blog-post-description\">Vous avez un nouveau mat\u00e9riel \u00e0 configurer, un nouveau logiciel \u00e0 installer, un nouveau p\u00e9riph\u00e9rique \u00e0 mettre en place. Vous souhaitez avoir une assistance informatique rapide et de proximit\u00e9 pour vos \u00e9quipes ou pour vous-m\u00eames. Vous avez besoin d&rsquo;aide ponctuelle ou de support continu pour vous accompagner dans vos projets informatiques, n&rsquo;h\u00e9sitez pas \u00e0 me [&hellip;]<\/p>\n","protected":false},"author":1,"featured_media":0,"parent":0,"menu_order":0,"comment_status":"closed","ping_status":"closed","template":"","meta":[],"_links":{"self":[{"href":"https:\/\/www.ardecheinfoservice.fr\/index.php\/wp-json\/wp\/v2\/pages\/122"}],"collection":[{"href":"https:\/\/www.ardecheinfoservice.fr\/index.php\/wp-json\/wp\/v2\/pages"}],"about":[{"href":"https:\/\/www.ardecheinfoservice.fr\/index.php\/wp-json\/wp\/v2\/types\/page"}],"author":[{"embeddable":true,"href":"https:\/\/www.ardecheinfoservice.fr\/index.php\/wp-json\/wp\/v2\/users\/1"}],"replies":[{"embeddable":true,"href":"https:\/\/www.ardecheinfoservice.fr\/index.php\/wp-json\/wp\/v2\/comments?post=122"}],"version-history":[{"count":6,"href":"https:\/\/www.ardecheinfoservice.fr\/index.php\/wp-json\/wp\/v2\/pages\/122\/revisions"}],"predecessor-version":[{"id":194,"href":"https:\/\/www.ardecheinfoservice.fr\/index.php\/wp-json\/wp\/v2\/pages\/122\/revisions\/194"}],"wp:attachment":[{"href":"https:\/\/www.ardecheinfoservice.fr\/index.php\/wp-json\/wp\/v2\/media?parent=122"}],"curies":[{"name":"wp","href":"https:\/\/api.w.org\/{rel}","templated":true}]}}