{"id":115,"date":"2021-03-22T10:22:52","date_gmt":"2021-03-22T09:22:52","guid":{"rendered":"https:\/\/www.ardecheinfoservice.fr\/?page_id=115"},"modified":"2021-04-14T09:38:33","modified_gmt":"2021-04-14T07:38:33","slug":"team-building","status":"publish","type":"page","link":"https:\/\/www.ardecheinfoservice.fr\/index.php\/team-building\/","title":{"rendered":"Team Working"},"content":{"rendered":"\n<div class=\"wp-block-image is-style-rounded\"><figure class=\"alignleft size-large is-resized\"><img loading=\"lazy\" src=\"https:\/\/www.ardecheinfoservice.fr\/wp-content\/uploads\/2021\/03\/pexels-fauxels-3183150-1024x683.jpg\" alt=\"\" class=\"wp-image-116\" width=\"355\" height=\"237\" srcset=\"https:\/\/www.ardecheinfoservice.fr\/wp-content\/uploads\/2021\/03\/pexels-fauxels-3183150-1024x683.jpg 1024w, https:\/\/www.ardecheinfoservice.fr\/wp-content\/uploads\/2021\/03\/pexels-fauxels-3183150-300x200.jpg 300w, https:\/\/www.ardecheinfoservice.fr\/wp-content\/uploads\/2021\/03\/pexels-fauxels-3183150-768x513.jpg 768w, https:\/\/www.ardecheinfoservice.fr\/wp-content\/uploads\/2021\/03\/pexels-fauxels-3183150-1536x1025.jpg 1536w, https:\/\/www.ardecheinfoservice.fr\/wp-content\/uploads\/2021\/03\/pexels-fauxels-3183150-2048x1367.jpg 2048w\" sizes=\"(max-width: 355px) 100vw, 355px\" \/><\/figure><\/div>\n\n\n\n<p>Vous avez une \u00e9quipe informatique d\u00e9j\u00e0 en place. Suite \u00e0 un nouveau projet ou \u00e0 une restructuration, vous avez temporairement besoin de personnes suppl\u00e9mentaires pour renforcer votre \u00e9quipe.<\/p>\n\n\n\n<p>Dans cette optique, je peux vous apporter mon aide et soutenir vos \u00e9quipes existantes pour passer un cap difficile.<\/p>\n\n\n\n<p><a href=\"https:\/\/www.ardecheinfoservice.fr\/index.php\/contact\/\" data-type=\"page\" data-id=\"20\">N&rsquo;h\u00e9sitez pas \u00e0 me contacter<\/a> pour que nous d\u00e9terminions ensemble l&rsquo;aide que je peux vous apporter.<\/p>\n\n\n\n<p><\/p>\n","protected":false},"excerpt":{"rendered":"<p class=\"qua-blog-post-description\">Vous avez une \u00e9quipe informatique d\u00e9j\u00e0 en place. Suite \u00e0 un nouveau projet ou \u00e0 une restructuration, vous avez temporairement besoin de personnes suppl\u00e9mentaires pour renforcer votre \u00e9quipe. Dans cette optique, je peux vous apporter mon aide et soutenir vos \u00e9quipes existantes pour passer un cap difficile. N&rsquo;h\u00e9sitez pas \u00e0 me contacter pour que nous [&hellip;]<\/p>\n","protected":false},"author":1,"featured_media":0,"parent":0,"menu_order":0,"comment_status":"closed","ping_status":"closed","template":"","meta":[],"_links":{"self":[{"href":"https:\/\/www.ardecheinfoservice.fr\/index.php\/wp-json\/wp\/v2\/pages\/115"}],"collection":[{"href":"https:\/\/www.ardecheinfoservice.fr\/index.php\/wp-json\/wp\/v2\/pages"}],"about":[{"href":"https:\/\/www.ardecheinfoservice.fr\/index.php\/wp-json\/wp\/v2\/types\/page"}],"author":[{"embeddable":true,"href":"https:\/\/www.ardecheinfoservice.fr\/index.php\/wp-json\/wp\/v2\/users\/1"}],"replies":[{"embeddable":true,"href":"https:\/\/www.ardecheinfoservice.fr\/index.php\/wp-json\/wp\/v2\/comments?post=115"}],"version-history":[{"count":4,"href":"https:\/\/www.ardecheinfoservice.fr\/index.php\/wp-json\/wp\/v2\/pages\/115\/revisions"}],"predecessor-version":[{"id":195,"href":"https:\/\/www.ardecheinfoservice.fr\/index.php\/wp-json\/wp\/v2\/pages\/115\/revisions\/195"}],"wp:attachment":[{"href":"https:\/\/www.ardecheinfoservice.fr\/index.php\/wp-json\/wp\/v2\/media?parent=115"}],"curies":[{"name":"wp","href":"https:\/\/api.w.org\/{rel}","templated":true}]}}